{"id":2949,"date":"2026-02-05T11:21:46","date_gmt":"2026-02-05T03:21:46","guid":{"rendered":"http:\/\/www.dgfeeder.com\/product\/thick-plate-uncoiler-leveling\/"},"modified":"2026-03-13T09:41:18","modified_gmt":"2026-03-13T01:41:18","slug":"thick-plate-uncoiler-leveling","status":"publish","type":"product","link":"https:\/\/www.dgfeeder.com\/tr\/product\/thick-plate-uncoiler-leveling\/","title":{"rendered":"Kal\u0131n Plaka A\u00e7\u0131c\u0131 ve Tesviye"},"content":{"rendered":"<p>Verimli \u00e7\u00f6zme ve tesviye ikisi bir arada makine yeni bir \u00fcretim alan\u0131 a\u00e7\u0131yor<br \/>End\u00fcstriyel \u00fcretimin karma\u015f\u0131k s\u00fcrecinde malzeme ta\u015f\u0131ma \u00e7ok \u00f6nemlidir. \u00c7\u00f6zme ve tesviye ikisi bir arada makinemiz, yetenekli bir zanaatkar gibi malzeme ta\u015f\u0131ma sorunlar\u0131n\u0131 do\u011fru ve verimli bir \u015fekilde \u00e7\u00f6zer ve \u00fcretim s\u00fcrecinize g\u00fc\u00e7l\u00fc bir g\u00fc\u00e7 katar.<br \/>Bu model, \u00e7\u00f6zme ve tesviye gibi iki temel i\u015flevi ak\u0131ll\u0131ca birle\u015ftirir. \u00dc\u00e7\u00fc bir arada modelle kar\u015f\u0131la\u015ft\u0131r\u0131ld\u0131\u011f\u0131nda, tasar\u0131mda benzersiz bir esneklik g\u00f6sterir. Farkl\u0131 m\u00fc\u015fterilerin malzeme \u00f6zelliklerinin b\u00fcy\u00fck \u00f6l\u00e7\u00fcde de\u011fi\u015fti\u011finin ve \u00fcretim hatt\u0131 gereksinimlerinin de farkl\u0131 oldu\u011funun fark\u0131nday\u0131z. Bu nedenle, \u00f6zelle\u015ftirme kavram\u0131na ba\u011fl\u0131 kal\u0131yoruz ve m\u00fc\u015fterilerin belirli malzeme \u00f6zelliklerine ve \u00fcretim hatt\u0131 gereksinimlerine g\u00f6re \u00e7e\u015fitli farkl\u0131 modelleri dikkatlice tasarl\u0131yoruz ve kullan\u0131c\u0131lar i\u00e7in \u00fcretim s\u00fcrecinde kar\u015f\u0131la\u015f\u0131lan \u00e7e\u015fitli zor sorunlar\u0131 \u00e7\u00f6zmeye \u00e7al\u0131\u015f\u0131yoruz.<\/p>\n<p>YJML - H modeli: kal\u0131n malzeme i\u015fleme uzman\u0131<\/p>\n<p>Kal\u0131nl\u0131\u011f\u0131 4.0 - 10.0 mm olan malzemeler i\u00e7in geleneksel ekipmanlar genellikle kullan\u0131mda zorluk \u00e7eker. Malzeme \u00e7ok kal\u0131nsa ve d\u0131\u015f gerilim son derece g\u00fc\u00e7l\u00fcyse, bobinin \u00e7\u00f6z\u00fclmesi \u00e7ok kolayd\u0131r ve tesviye daha da zordur. YJML-H tipi makinemiz bu t\u00fcr sorunlar\u0131n \u00fcstesinden gelmek i\u00e7in \u00f6zel olarak tasarlanm\u0131\u015ft\u0131r. M\u00fckemmel tasar\u0131m\u0131 ve g\u00fc\u00e7l\u00fc performans\u0131 ile kal\u0131n malzemelerin ve g\u00fc\u00e7l\u00fc d\u0131\u015f gerilimin neden oldu\u011fu gev\u015fek bobin sorununun \u00fcstesinden kolayca gelebilir ve verimli tesviye sa\u011flayabilir. Hidrolik servo besleyiciler, \u00e7ektirmeler, ince delme makineleri ve hidrolik preslerle m\u00fckemmel bir \u015fekilde e\u015fle\u015ftirildi\u011finde, verimli ve istikrarl\u0131 bir \u00fcretim hatt\u0131 do\u011far. \u00d6zellikle daha kal\u0131n malzeme aksesuarlar\u0131 gerektiren otomobil motorlar\u0131n\u0131n, direksiyon sistemlerinin vb. delinmesi gibi \u00fcretim senaryolar\u0131 i\u00e7in uygundur ve otomotiv imalat end\u00fcstrisi i\u00e7in sa\u011flam teknik destek sa\u011flar.<\/p>","protected":false},"excerpt":{"rendered":"<li data-v-fd0fd86c=\"\">YJML-H T\u0130P\u0130<\/li>\n<li data-v-fd0fd86c=\"\">Model 300-1300H<\/li>\n<li data-v-fd0fd86c=\"\">Malzeme geni\u015fli\u011fi: 150-1300mm<\/li>\n<li data-v-fd0fd86c=\"\">Malzeme kal\u0131nl\u0131\u011f\u0131: 0.6-10.0mm<\/li>\n<li data-v-fd0fd86c=\"\">Hat h\u0131z\u0131 Maks.\u226416M\/MIN<\/li>\n<li data-v-fd0fd86c=\"\">Maks. bobin a\u011f\u0131rl\u0131\u011f\u0131: 2000-10000kg<\/li>\n<li data-v-fd0fd86c=\"\">Not: Bu modelin bir besleyici ile kullan\u0131lmas\u0131 gerekir<\/li>","protected":false},"featured_media":2908,"template":"","meta":[],"product_cat":[15],"product_tag":[],"class_list":["post-2949","product","type-product","status-publish","has-post-thumbnail","hentry","product_cat-punching-solutions-for-automobile-parts"],"_links":{"self":[{"href":"https:\/\/www.dgfeeder.com\/tr\/wp-json\/wp\/v2\/product\/2949","targetHints":{"allow":["GET"]}}],"collection":[{"href":"https:\/\/www.dgfeeder.com\/tr\/wp-json\/wp\/v2\/product"}],"about":[{"href":"https:\/\/www.dgfeeder.com\/tr\/wp-json\/wp\/v2\/types\/product"}],"wp:featuredmedia":[{"embeddable":true,"href":"https:\/\/www.dgfeeder.com\/tr\/wp-json\/wp\/v2\/media\/2908"}],"wp:attachment":[{"href":"https:\/\/www.dgfeeder.com\/tr\/wp-json\/wp\/v2\/media?parent=2949"}],"wp:term":[{"taxonomy":"product_cat","embeddable":true,"href":"https:\/\/www.dgfeeder.com\/tr\/wp-json\/wp\/v2\/product_cat?post=2949"},{"taxonomy":"product_tag","embeddable":true,"href":"https:\/\/www.dgfeeder.com\/tr\/wp-json\/wp\/v2\/product_tag?post=2949"}],"curies":[{"name":"wp","href":"https:\/\/api.w.org\/{rel}","templated":true}]}}