{"id":2962,"date":"2026-02-05T11:21:46","date_gmt":"2026-02-05T03:21:46","guid":{"rendered":"http:\/\/www.dgfeeder.com\/product\/4in1-servo-decoiler-leveler-feeder-and-shearing-system\/"},"modified":"2026-02-05T11:21:51","modified_gmt":"2026-02-05T03:21:51","slug":"4in1-servo-decoiler-leveler-feeder-and-shearing-system","status":"publish","type":"product","link":"https:\/\/www.dgfeeder.com\/fr\/product\/4in1-servo-decoiler-leveler-feeder-and-shearing-system\/","title":{"rendered":"4IN1 Servo Decoiler, Leveler, Feeder and shearing System (syst\u00e8me de d\u00e9coilage, de nivellement, d'alimentation et de cisaillement \u00e0 servocommande)"},"content":{"rendered":"<p>\u3010Product Introduction\u3011<\/p>\n<p>This equipment integrates four core functions: unrolling, leveling, feeding and cutting, and is innovatively upgraded based on the mature three-in-one model. Its new shearing function can not only be used to efficiently handle discarded material heads and tails, improve material utilization, but also to shear when a single product reaches the predetermined output, effectively improving production efficiency. As a multi-functional integrated device, it has become the first choice model in the industries of home appliance manufacturing, mold processing, etc. with its excellent performance and stable performance.<\/p>\n<p>\u3010Significant Advantage\u3011<\/p>\n<p>Efficient integration: The four functional modules are seamlessly connected, greatly reducing process conversion time<\/p>\n<p>Intelligent control: adopt PLC automatic control system to achieve intelligent management of the production process<br \/>Energy savings and environmental protection: optimized power system design, saving more than 30% energy than traditional equipment<br \/>Safety and reliable: equipped with multiple safety protection devices to ensure the safety of operators<br \/>Space saving: Traditional separated equipment saves 50% of the site space<\/p>\n<p>[Applicable materials]<\/p>\n<p>Applicable to steel strips such as low carbon steel plates, galvanized plates, aluminum plates, copper plates, cold rolled plates, hot rolled plates, stainless steel, high-strength alloy steel and other coils stamping and shearing plates.<br \/>Application scenario:<br \/>Home appliance manufacturing: suitable for the processing of plates for large household appliances such as refrigerators and washing machines<br \/>Mold manufacturing: meets the small amount of mold factory proofing and cutting function<br \/>Auto parts: can be used for the production of metal parts such as automobile covering parts<br \/>Building decoration: suitable for the processing of decorative materials such as curtain walls and ceilings<\/p>\n","protected":false},"excerpt":{"rendered":"<li data-v-fd0fd86c=\"\">Model: 300-1600<\/li>\n<li data-v-fd0fd86c=\"\">Material width:300-1600mm<\/li>\n<li data-v-fd0fd86c=\"\">Material thickness: 0.5-6.0mm<\/li>\n<li data-v-fd0fd86c=\"\">Vitesse de la ligne Max. \u226416M\/MIN<\/li>\n<li data-v-fd0fd86c=\"\">Poids maximal de la bobine : 2000-10000kg<\/li>","protected":false},"featured_media":2935,"template":"","meta":[],"product_cat":[61],"product_tag":[],"class_list":["post-2962","product","type-product","status-publish","has-post-thumbnail","hentry","product_cat-stamping-solutions-for-mold-industry"],"_links":{"self":[{"href":"https:\/\/www.dgfeeder.com\/fr\/wp-json\/wp\/v2\/product\/2962","targetHints":{"allow":["GET"]}}],"collection":[{"href":"https:\/\/www.dgfeeder.com\/fr\/wp-json\/wp\/v2\/product"}],"about":[{"href":"https:\/\/www.dgfeeder.com\/fr\/wp-json\/wp\/v2\/types\/product"}],"wp:featuredmedia":[{"embeddable":true,"href":"https:\/\/www.dgfeeder.com\/fr\/wp-json\/wp\/v2\/media\/2935"}],"wp:attachment":[{"href":"https:\/\/www.dgfeeder.com\/fr\/wp-json\/wp\/v2\/media?parent=2962"}],"wp:term":[{"taxonomy":"product_cat","embeddable":true,"href":"https:\/\/www.dgfeeder.com\/fr\/wp-json\/wp\/v2\/product_cat?post=2962"},{"taxonomy":"product_tag","embeddable":true,"href":"https:\/\/www.dgfeeder.com\/fr\/wp-json\/wp\/v2\/product_tag?post=2962"}],"curies":[{"name":"wp","href":"https:\/\/api.w.org\/{rel}","templated":true}]}}