{"id":2950,"date":"2026-02-05T11:21:46","date_gmt":"2026-02-05T03:21:46","guid":{"rendered":"http:\/\/www.dgfeeder.com\/product\/servo-feeder\/"},"modified":"2026-03-13T09:40:43","modified_gmt":"2026-03-13T01:40:43","slug":"servo-feeder","status":"publish","type":"product","link":"https:\/\/www.dgfeeder.com\/fr\/product\/servo-feeder\/","title":{"rendered":"Servo Feeder"},"content":{"rendered":"<div class=\"auto-hide-last-sibling-br paragraph-qzbcQC paragraph-element br-paragraph-space\">NCRF - Mod\u00e8le H : Expert en traitement des mat\u00e9riaux \u00e9pais<\/div>\n<p>&nbsp;<\/p>\n<div class=\"auto-hide-last-sibling-br paragraph-qzbcQC paragraph-element br-paragraph-space\">Pour les mat\u00e9riaux d'une \u00e9paisseur comprise entre 4,0 et 10,0 mm, les \u00e9quipements traditionnels ont souvent du mal \u00e0 faire face. En raison de l'\u00e9paisseur excessive des mat\u00e9riaux, les mat\u00e9riaux stock\u00e9s dans la zone de stockage sont trop lourds, ce qui entra\u00eene un glissement de l'alimentation et une alimentation impr\u00e9cise. Cependant, notre mod\u00e8le NCRF - H est sp\u00e9cialement con\u00e7u pour relever ces d\u00e9fis. Gr\u00e2ce \u00e0 son excellente conception et \u00e0 ses puissantes performances, il peut facilement surmonter le probl\u00e8me du d\u00e9roulement des bobines caus\u00e9 par des mat\u00e9riaux \u00e9pais et une forte tension externe, et r\u00e9aliser un nivellement efficace. Lorsqu'il est parfaitement associ\u00e9 \u00e0 un servodistributeur hydraulique, \u00e0 une machine de traction, \u00e0 une presse de d\u00e9coupage fin et \u00e0 une presse hydraulique, une ligne de production tr\u00e8s efficace et stable est cr\u00e9\u00e9e. Elle est particuli\u00e8rement adapt\u00e9e aux sc\u00e9narios de production tels que le poin\u00e7onnage de pi\u00e8ces pour les moteurs automobiles et les syst\u00e8mes de direction qui n\u00e9cessitent des composants en mat\u00e9riaux \u00e9pais, offrant ainsi un soutien technique solide \u00e0 l'industrie de la fabrication automobile.<\/div>\n<p>&nbsp;<\/p>\n<div class=\"auto-hide-last-sibling-br paragraph-qzbcQC paragraph-element br-paragraph-space\">Servodoseur hydraulique NCRF - Mod\u00e8le H : Le terminateur des probl\u00e8mes d'alimentation en mat\u00e9riaux \u00e9pais<\/div>\n<p>&nbsp;<\/p>\n<div class=\"auto-hide-last-sibling-br paragraph-qzbcQC paragraph-element br-paragraph-space\">Dans la production industrielle, la pr\u00e9cision et l'efficacit\u00e9 de la cha\u00eene de traitement des mat\u00e9riaux influent directement sur la fluidit\u00e9 du processus de production global et sur la qualit\u00e9 du produit. Face \u00e0 des mat\u00e9riaux d'une \u00e9paisseur comprise entre 3,0 et 10,0 mm, les \u00e9quipements d'alimentation traditionnels posent souvent de nombreux probl\u00e8mes, notamment le probl\u00e8me du glissement de l'alimentation et de l'alimentation impr\u00e9cise caus\u00e9e par le poids excessif des mat\u00e9riaux stock\u00e9s dans la zone de stockage. Mais maintenant, avec notre servodoseur hydraulique NCRF - mod\u00e8le H, ces probl\u00e8mes seront facilement r\u00e9solus.<\/div>\n<p>&nbsp;<\/p>\n<div class=\"auto-hide-last-sibling-br paragraph-qzbcQC paragraph-element br-paragraph-space\">Une alimentation pr\u00e9cise pour relever les d\u00e9fis de l'industrie<\/div>\n<p>&nbsp;<\/p>\n<div class=\"auto-hide-last-sibling-br paragraph-qzbcQC paragraph-element br-paragraph-space\">L'\u00e9paisseur excessive des mat\u00e9riaux ne pose pas seulement un d\u00e9fi en termes de poids, mais impose \u00e9galement des exigences extr\u00eamement \u00e9lev\u00e9es en termes de friction, de puissance et de syst\u00e8me de contr\u00f4le de l'\u00e9quipement d'alimentation. Lorsque les \u00e9quipements traditionnels traitent des mat\u00e9riaux aussi \u00e9pais, le glissement de l'alimentation est fr\u00e9quent, ce qui nuit gravement \u00e0 la pr\u00e9cision de l'alimentation. Cela affecte non seulement l'efficacit\u00e9 de la production, mais peut \u00e9galement conduire \u00e0 la production d'un grand nombre de produits d\u00e9fectueux, ce qui augmente les co\u00fbts de production. Le mod\u00e8le NCRF - H a \u00e9t\u00e9 soigneusement mis au point pour relever ce d\u00e9fi industriel. Il adopte une technologie d'entra\u00eenement hydraulique avanc\u00e9e et un syst\u00e8me de servocommande de haute pr\u00e9cision, qui peut ajuster avec pr\u00e9cision la force d'alimentation. M\u00eame lorsqu'il est confront\u00e9 \u00e0 des mat\u00e9riaux \u00e9pais \u00e0 forte charge, il peut toujours alimenter de mani\u00e8re stable et pr\u00e9cise, \u00e9vitant ainsi le probl\u00e8me du glissement de l'alimentation, am\u00e9liorant consid\u00e9rablement la pr\u00e9cision de l'alimentation et garantissant la continuit\u00e9 et la stabilit\u00e9 du processus d'alimentation.<\/div>\n<p>&nbsp;<\/p>\n<div class=\"auto-hide-last-sibling-br paragraph-qzbcQC paragraph-element br-paragraph-space\">Des applications \u00e9tendues qui stimulent le d\u00e9veloppement de nombreuses industries<\/div>\n<p>&nbsp;<\/p>\n<div class=\"auto-hide-last-sibling-br paragraph-qzbcQC paragraph-element br-paragraph-space\">Gr\u00e2ce \u00e0 ses excellentes performances, le servodistributeur hydraulique NCRF - H a un large \u00e9ventail d'applications dans de nombreuses industries. Il est particuli\u00e8rement adapt\u00e9 aux sc\u00e9narios de production tels que le poin\u00e7onnage de pi\u00e8ces pour les moteurs automobiles et les syst\u00e8mes de direction qui n\u00e9cessitent des composants en mat\u00e9riaux \u00e9pais, fournissant ainsi un soutien technique solide \u00e0 l'industrie de la fabrication automobile.<\/div>","protected":false},"excerpt":{"rendered":"<li data-v-fd0fd86c=\"\">NCRF-H TYPE<\/li>\n<li data-v-fd0fd86c=\"\">Mod\u00e8le : 300-1300H<\/li>\n<li data-v-fd0fd86c=\"\">Largeur du mat\u00e9riau : 50-1300 mm<\/li>\n<li data-v-fd0fd86c=\"\">\u00c9paisseur du mat\u00e9riau : 0,6-10,0 mm<\/li>\n<li data-v-fd0fd86c=\"\">Nombre de coups par minute : 20-30SPM<\/li>\n<li data-v-fd0fd86c=\"\">Longueur d'alimentation : 0,01-9999mm<\/li>\n<li data-v-fd0fd86c=\"\">PS:Ce mod\u00e8le doit \u00eatre utilis\u00e9 avec une planeuse de d\u00e9roulage.<\/li>","protected":false},"featured_media":2911,"template":"","meta":[],"product_cat":[15,61],"product_tag":[],"class_list":["post-2950","product","type-product","status-publish","has-post-thumbnail","hentry","product_cat-punching-solutions-for-automobile-parts","product_cat-stamping-solutions-for-mold-industry"],"_links":{"self":[{"href":"https:\/\/www.dgfeeder.com\/fr\/wp-json\/wp\/v2\/product\/2950","targetHints":{"allow":["GET"]}}],"collection":[{"href":"https:\/\/www.dgfeeder.com\/fr\/wp-json\/wp\/v2\/product"}],"about":[{"href":"https:\/\/www.dgfeeder.com\/fr\/wp-json\/wp\/v2\/types\/product"}],"wp:featuredmedia":[{"embeddable":true,"href":"https:\/\/www.dgfeeder.com\/fr\/wp-json\/wp\/v2\/media\/2911"}],"wp:attachment":[{"href":"https:\/\/www.dgfeeder.com\/fr\/wp-json\/wp\/v2\/media?parent=2950"}],"wp:term":[{"taxonomy":"product_cat","embeddable":true,"href":"https:\/\/www.dgfeeder.com\/fr\/wp-json\/wp\/v2\/product_cat?post=2950"},{"taxonomy":"product_tag","embeddable":true,"href":"https:\/\/www.dgfeeder.com\/fr\/wp-json\/wp\/v2\/product_tag?post=2950"}],"curies":[{"name":"wp","href":"https:\/\/api.w.org\/{rel}","templated":true}]}}