{"id":2949,"date":"2026-02-05T11:21:46","date_gmt":"2026-02-05T03:21:46","guid":{"rendered":"http:\/\/www.dgfeeder.com\/product\/thick-plate-uncoiler-leveling\/"},"modified":"2026-03-13T09:41:18","modified_gmt":"2026-03-13T01:41:18","slug":"thick-plate-uncoiler-leveling","status":"publish","type":"product","link":"https:\/\/www.dgfeeder.com\/fr\/product\/thick-plate-uncoiler-leveling\/","title":{"rendered":"Thick Plate Uncoiler &#038; Leveling"},"content":{"rendered":"<p>Une machine efficace de d\u00e9roulage et de planage deux en un ouvre un nouveau champ de production<br \/>Dans le processus complexe de la production industrielle, la manutention des mat\u00e9riaux est cruciale. Notre machine deux-en-un de d\u00e9roulage et de mise \u00e0 niveau, tel un artisan qualifi\u00e9, r\u00e9sout avec pr\u00e9cision et efficacit\u00e9 les probl\u00e8mes de manipulation des mat\u00e9riaux et injecte une puissance puissante dans votre processus de production.<br \/>Ce mod\u00e8le combine astucieusement les deux fonctions essentielles que sont le d\u00e9roulement et le nivellement. Compar\u00e9 au mod\u00e8le trois-en-un, il fait preuve d'une souplesse de conception in\u00e9gal\u00e9e. Nous sommes bien conscients que les propri\u00e9t\u00e9s des mat\u00e9riaux varient consid\u00e9rablement d'un client \u00e0 l'autre et que les exigences de la ligne de production sont \u00e9galement diff\u00e9rentes. Par cons\u00e9quent, nous adh\u00e9rons au concept de personnalisation et concevons soigneusement une vari\u00e9t\u00e9 de mod\u00e8les diff\u00e9rents en fonction des propri\u00e9t\u00e9s sp\u00e9cifiques des mat\u00e9riaux et des exigences des lignes de production des clients, en nous effor\u00e7ant de r\u00e9soudre divers probl\u00e8mes difficiles rencontr\u00e9s dans le processus de production pour les utilisateurs.<\/p>\n<p>YJML - Mod\u00e8le H : expert en traitement des mat\u00e9riaux \u00e9pais<\/p>\n<p>Pour les mat\u00e9riaux d'une \u00e9paisseur de 4,0 \u00e0 10,0 mm, les \u00e9quipements traditionnels ont souvent des difficult\u00e9s de manipulation. Si le mat\u00e9riau est trop \u00e9pais et que la tension externe est extr\u00eamement forte, la bobine est tr\u00e8s facile \u00e0 d\u00e9rouler et le nivellement est encore plus difficile. Notre machine de type YJML-H est sp\u00e9cialement con\u00e7ue pour r\u00e9soudre ces probl\u00e8mes. Gr\u00e2ce \u00e0 son excellente conception et \u00e0 ses puissantes performances, elle peut facilement surmonter le probl\u00e8me des bobines l\u00e2ches caus\u00e9 par des mat\u00e9riaux \u00e9pais et une forte tension externe, et r\u00e9aliser un nivellement efficace. Lorsqu'elle est parfaitement associ\u00e9e \u00e0 des servomoteurs hydrauliques, des extracteurs, des poin\u00e7onneuses fines et des presses hydrauliques, une ligne de production efficace et stable voit le jour. Il est particuli\u00e8rement adapt\u00e9 aux sc\u00e9narios de production tels que le poin\u00e7onnage des moteurs automobiles, des syst\u00e8mes de direction, etc. qui n\u00e9cessitent des accessoires en mat\u00e9riaux plus \u00e9pais, offrant ainsi un soutien technique solide \u00e0 l'industrie de la fabrication automobile.<\/p>","protected":false},"excerpt":{"rendered":"<li data-v-fd0fd86c=\"\">YJML-H TYPE<\/li>\n<li data-v-fd0fd86c=\"\">Mod\u00e8le : 300-1300H<\/li>\n<li data-v-fd0fd86c=\"\">Largeur du mat\u00e9riau : 150-1300 mm<\/li>\n<li data-v-fd0fd86c=\"\">\u00c9paisseur du mat\u00e9riau : 0,6-10,0 mm<\/li>\n<li data-v-fd0fd86c=\"\">Vitesse de la ligne Max. \u226416M\/MIN<\/li>\n<li data-v-fd0fd86c=\"\">Poids maximal de la bobine : 2000-10000kg<\/li>\n<li data-v-fd0fd86c=\"\">PS:Ce mod\u00e8le doit \u00eatre utilis\u00e9 avec un nourrisseur.<\/li>","protected":false},"featured_media":2908,"template":"","meta":[],"product_cat":[15],"product_tag":[],"class_list":["post-2949","product","type-product","status-publish","has-post-thumbnail","hentry","product_cat-punching-solutions-for-automobile-parts"],"_links":{"self":[{"href":"https:\/\/www.dgfeeder.com\/fr\/wp-json\/wp\/v2\/product\/2949","targetHints":{"allow":["GET"]}}],"collection":[{"href":"https:\/\/www.dgfeeder.com\/fr\/wp-json\/wp\/v2\/product"}],"about":[{"href":"https:\/\/www.dgfeeder.com\/fr\/wp-json\/wp\/v2\/types\/product"}],"wp:featuredmedia":[{"embeddable":true,"href":"https:\/\/www.dgfeeder.com\/fr\/wp-json\/wp\/v2\/media\/2908"}],"wp:attachment":[{"href":"https:\/\/www.dgfeeder.com\/fr\/wp-json\/wp\/v2\/media?parent=2949"}],"wp:term":[{"taxonomy":"product_cat","embeddable":true,"href":"https:\/\/www.dgfeeder.com\/fr\/wp-json\/wp\/v2\/product_cat?post=2949"},{"taxonomy":"product_tag","embeddable":true,"href":"https:\/\/www.dgfeeder.com\/fr\/wp-json\/wp\/v2\/product_tag?post=2949"}],"curies":[{"name":"wp","href":"https:\/\/api.w.org\/{rel}","templated":true}]}}