{"id":2954,"date":"2026-02-05T11:21:46","date_gmt":"2026-02-05T03:21:46","guid":{"rendered":"http:\/\/www.dgfeeder.com\/product\/servo-feeder-2\/"},"modified":"2026-03-13T09:25:59","modified_gmt":"2026-03-13T01:25:59","slug":"servo-feeder-2","status":"publish","type":"product","link":"https:\/\/www.dgfeeder.com\/es\/product\/servo-feeder-2\/","title":{"rendered":"SERVO ALIMENTADOR"},"content":{"rendered":"<div class=\"auto-hide-last-sibling-br paragraph-qzbcQC paragraph-element br-paragraph-space\">An\u00e1lisis del principio de funcionamiento<\/div>\n<p>&nbsp;<\/p>\n<div class=\"auto-hide-last-sibling-br paragraph-qzbcQC paragraph-element br-paragraph-space\">El servo alimentador se compone principalmente de tres partes principales: la unidad de alimentaci\u00f3n, la unidad de control y el servomotor. La unidad de alimentaci\u00f3n se encarga de transportar con precisi\u00f3n los materiales a la l\u00ednea de producci\u00f3n. Normalmente incluye una tolva para almacenar los materiales, un mecanismo para transportar los materiales y sensores para detectar la presencia de materiales. La unidad de control es como el \u201ccerebro\u201d del equipo. En funci\u00f3n de la informaci\u00f3n recibida de los sensores y de diversos factores, como la velocidad de producci\u00f3n y el tipo de materiales, regula con precisi\u00f3n la velocidad y el tiempo del proceso de alimentaci\u00f3n. El servomotor proporciona el par y la potencia de rotaci\u00f3n necesarios para todo el proceso de alimentaci\u00f3n, impulsando la unidad de alimentaci\u00f3n para que funcione de forma estable. Mediante el funcionamiento coordinado de estas tres partes, el servoalimentador puede lograr un control preciso del transporte del material.<\/div>\n<p>&nbsp;<\/p>\n<div class=\"auto-hide-last-sibling-br paragraph-qzbcQC paragraph-element br-paragraph-space\">Selecci\u00f3n del modelo<\/div>\n<p>&nbsp;<\/p>\n<div class=\"auto-hide-last-sibling-br paragraph-qzbcQC paragraph-element br-paragraph-space\">Los clientes pueden elegir diferentes modelos de nuestra empresa en funci\u00f3n del grosor de los materiales. El modelo A es adecuado para materiales con un espesor de 0.1 - 2.0mm; el modelo B es adecuado para materiales con un espesor de 0.3 - 3.2mm. Adem\u00e1s, para placas gruesas, nuestra empresa tambi\u00e9n cuenta con un servo alimentador hidr\u00e1ulico, y el espesor personalizado puede alcanzar hasta 12mm como m\u00e1ximo.<\/div>\n<p>&nbsp;<\/p>\n<div class=\"auto-hide-last-sibling-br paragraph-qzbcQC paragraph-element br-paragraph-space\">Amplios campos de aplicaci\u00f3n<\/div>\n<p>&nbsp;<\/p>\n<div class=\"auto-hide-last-sibling-br paragraph-qzbcQC paragraph-element br-paragraph-space\">Industria de fabricaci\u00f3n de autom\u00f3viles: En el proceso de producci\u00f3n de estampaci\u00f3n de piezas de autom\u00f3viles, el servo alimentador puede transportar con precisi\u00f3n varias bobinas de metal, garantizando la precisi\u00f3n dimensional y la estabilidad de la calidad de las piezas, y proporcionando un fuerte apoyo para el rendimiento de seguridad y la calidad general de los autom\u00f3viles.<\/div>\n<p>&nbsp;<\/p>\n<div class=\"auto-hide-last-sibling-br paragraph-qzbcQC paragraph-element br-paragraph-space\">Industria electr\u00f3nica: Para la fabricaci\u00f3n de componentes electr\u00f3nicos, como el procesamiento por estampaci\u00f3n de piezas de precisi\u00f3n como conectores de tel\u00e9fonos m\u00f3viles y clavijas de chips inform\u00e1ticos, las caracter\u00edsticas de alimentaci\u00f3n de alta precisi\u00f3n del servoalimentador pueden satisfacer los estrictos requisitos de la industria electr\u00f3nica para la precisi\u00f3n de procesamiento de piezas diminutas, facilitando el desarrollo de productos electr\u00f3nicos hacia la miniaturizaci\u00f3n y el alto rendimiento.<\/div>\n<p>&nbsp;<\/p>\n<div class=\"auto-hide-last-sibling-br paragraph-qzbcQC paragraph-element br-paragraph-space\">Industria de procesamiento de metales: Ya se trate del procesamiento de estampado, corte o conformado de chapas met\u00e1licas, el servo alimentador puede transportar con precisi\u00f3n los materiales de acuerdo con los diferentes requisitos de la tecnolog\u00eda de procesamiento, mejorando la precisi\u00f3n del procesamiento y la eficiencia de la producci\u00f3n y reduciendo la tasa de rechazo.<\/div>","protected":false},"excerpt":{"rendered":"<li data-v-fd0fd86c=\"\">TIPO NCRF-A<\/li>\n<li data-v-fd0fd86c=\"\">Modelo 300-1300<\/li>\n<li data-v-fd0fd86c=\"\">Anchura del material: 300-1300 mm<\/li>\n<li data-v-fd0fd86c=\"\">Grosor del material: 0,1-2,0 mm<\/li>\n<li data-v-fd0fd86c=\"\">Longitud de alimentaci\u00f3n\uff1a0,01-9999mm<\/li>\n<li data-v-fd0fd86c=\"\">Golpes por minuto\uff1a50-200spm<\/li>","protected":false},"featured_media":2918,"template":"","meta":[],"product_cat":[59,61,62],"product_tag":[],"class_list":["post-2954","product","type-product","status-publish","has-post-thumbnail","hentry","product_cat-solutions-for-home-appliance-hardware-and-electronics-industry","product_cat-stamping-solutions-for-mold-industry","product_cat-press-feeding-line-for-motor-industry"],"_links":{"self":[{"href":"https:\/\/www.dgfeeder.com\/es\/wp-json\/wp\/v2\/product\/2954","targetHints":{"allow":["GET"]}}],"collection":[{"href":"https:\/\/www.dgfeeder.com\/es\/wp-json\/wp\/v2\/product"}],"about":[{"href":"https:\/\/www.dgfeeder.com\/es\/wp-json\/wp\/v2\/types\/product"}],"wp:featuredmedia":[{"embeddable":true,"href":"https:\/\/www.dgfeeder.com\/es\/wp-json\/wp\/v2\/media\/2918"}],"wp:attachment":[{"href":"https:\/\/www.dgfeeder.com\/es\/wp-json\/wp\/v2\/media?parent=2954"}],"wp:term":[{"taxonomy":"product_cat","embeddable":true,"href":"https:\/\/www.dgfeeder.com\/es\/wp-json\/wp\/v2\/product_cat?post=2954"},{"taxonomy":"product_tag","embeddable":true,"href":"https:\/\/www.dgfeeder.com\/es\/wp-json\/wp\/v2\/product_tag?post=2954"}],"curies":[{"name":"wp","href":"https:\/\/api.w.org\/{rel}","templated":true}]}}