{"id":2950,"date":"2026-02-05T11:21:46","date_gmt":"2026-02-05T03:21:46","guid":{"rendered":"http:\/\/www.dgfeeder.com\/product\/servo-feeder\/"},"modified":"2026-03-13T09:40:43","modified_gmt":"2026-03-13T01:40:43","slug":"servo-feeder","status":"publish","type":"product","link":"https:\/\/www.dgfeeder.com\/es\/product\/servo-feeder\/","title":{"rendered":"Servoalimentador"},"content":{"rendered":"<div class=\"auto-hide-last-sibling-br paragraph-qzbcQC paragraph-element br-paragraph-space\">NCRF - Modelo H: Experto en procesamiento de materiales gruesos<\/div>\n<p>&nbsp;<\/p>\n<div class=\"auto-hide-last-sibling-br paragraph-qzbcQC paragraph-element br-paragraph-space\">Para materiales con un grosor que oscila entre 4,0 y 10,0 mm, los equipos tradicionales suelen tener dificultades para soportarlo. Debido al excesivo grosor de los materiales, los materiales almacenados en la zona de existencias son demasiado pesados, lo que provoca deslizamientos de alimentaci\u00f3n y una alimentaci\u00f3n imprecisa. Sin embargo, nuestro modelo NCRF - H est\u00e1 dise\u00f1ado espec\u00edficamente para superar estos retos. Con su excelente dise\u00f1o y potente rendimiento, puede superar f\u00e1cilmente el problema de desenrollado de la bobina causado por materiales gruesos y una fuerte tensi\u00f3n externa, y lograr una nivelaci\u00f3n eficiente. Cuando se combina perfectamente con un servo alimentador hidr\u00e1ulico, una m\u00e1quina de tracci\u00f3n, una prensa de corte fino y una prensa hidr\u00e1ulica, se crea una l\u00ednea de producci\u00f3n altamente eficiente y estable. Es especialmente adecuada para situaciones de producci\u00f3n como el punzonado de piezas para motores de automoci\u00f3n y sistemas de direcci\u00f3n que requieren componentes de material grueso, proporcionando un s\u00f3lido apoyo t\u00e9cnico a la industria de fabricaci\u00f3n de autom\u00f3viles.<\/div>\n<p>&nbsp;<\/p>\n<div class=\"auto-hide-last-sibling-br paragraph-qzbcQC paragraph-element br-paragraph-space\">Servoalimentador hidr\u00e1ulico NCRF - Modelo H: El exterminador de los problemas de alimentaci\u00f3n de material grueso<\/div>\n<p>&nbsp;<\/p>\n<div class=\"auto-hide-last-sibling-br paragraph-qzbcQC paragraph-element br-paragraph-space\">En la producci\u00f3n industrial, la precisi\u00f3n y la eficacia del eslab\u00f3n de procesamiento del material afectan directamente a la fluidez del proceso de producci\u00f3n global y a la calidad del producto. Al enfrentarse a materiales con un grosor que oscila entre 3,0 y 10,0 mm, los equipos de alimentaci\u00f3n tradicionales suelen exponer muchos problemas, entre los que destaca el problema del deslizamiento de la alimentaci\u00f3n y la alimentaci\u00f3n imprecisa causada por el peso excesivo de los materiales almacenados en la zona de existencias. Pero ahora, con nuestro servo alimentador hidr\u00e1ulico modelo NCRF - H, estos problemas se resolver\u00e1n f\u00e1cilmente.<\/div>\n<p>&nbsp;<\/p>\n<div class=\"auto-hide-last-sibling-br paragraph-qzbcQC paragraph-element br-paragraph-space\">Alimentaci\u00f3n precisa, superar los retos del sector<\/div>\n<p>&nbsp;<\/p>\n<div class=\"auto-hide-last-sibling-br paragraph-qzbcQC paragraph-element br-paragraph-space\">El grosor excesivo de los materiales no s\u00f3lo supone un reto en t\u00e9rminos de peso, sino que tambi\u00e9n impone exigencias extremadamente altas a la fricci\u00f3n, la potencia de salida y el sistema de control del equipo de alimentaci\u00f3n. Cuando los equipos tradicionales trabajan con materiales tan gruesos, es frecuente que se produzcan deslizamientos en la alimentaci\u00f3n, lo que afecta gravemente a la precisi\u00f3n de la alimentaci\u00f3n. Esto no s\u00f3lo afecta a la eficiencia de la producci\u00f3n, sino que tambi\u00e9n puede dar lugar a la producci\u00f3n de un gran n\u00famero de productos defectuosos, aumentando los costes de producci\u00f3n. El modelo NCRF - H ha sido cuidadosamente desarrollado espec\u00edficamente para superar este reto de la industria. Adopta una avanzada tecnolog\u00eda de accionamiento hidr\u00e1ulico y un sistema de servocontrol de alta precisi\u00f3n, que puede ajustar con precisi\u00f3n la fuerza de alimentaci\u00f3n. Incluso cuando se enfrenta a materiales gruesos de carga pesada, todav\u00eda puede alimentar de forma estable y precisa, evitando eficazmente el problema de deslizamiento de alimentaci\u00f3n, mejorando en gran medida la precisi\u00f3n de alimentaci\u00f3n, y garantizando la continuidad y la estabilidad del proceso de alimentaci\u00f3n.<\/div>\n<p>&nbsp;<\/p>\n<div class=\"auto-hide-last-sibling-br paragraph-qzbcQC paragraph-element br-paragraph-space\">Amplias aplicaciones, impulso al desarrollo de m\u00faltiples industrias<\/div>\n<p>&nbsp;<\/p>\n<div class=\"auto-hide-last-sibling-br paragraph-qzbcQC paragraph-element br-paragraph-space\">Gracias a su excelente rendimiento, el servoalimentador hidr\u00e1ulico NCRF - H tiene una amplia gama de aplicaciones en m\u00faltiples industrias. Es especialmente adecuado para escenarios de producci\u00f3n como el punzonado de piezas para motores de automoci\u00f3n y sistemas de direcci\u00f3n que requieren componentes de material grueso, proporcionando un s\u00f3lido apoyo t\u00e9cnico a la industria de fabricaci\u00f3n de autom\u00f3viles.<\/div>","protected":false},"excerpt":{"rendered":"<li data-v-fd0fd86c=\"\">TIPO NCRF-H<\/li>\n<li data-v-fd0fd86c=\"\">Modelo: 300-1300H<\/li>\n<li data-v-fd0fd86c=\"\">Anchura del material: 50-1300 mm<\/li>\n<li data-v-fd0fd86c=\"\">Grosor del material: 0,6-10,0 mm<\/li>\n<li data-v-fd0fd86c=\"\">Golpes por minuto:20-30SPM<\/li>\n<li data-v-fd0fd86c=\"\">Longitud de alimentaci\u00f3n: 0,01-9999 mm<\/li>\n<li data-v-fd0fd86c=\"\">PD: Este modelo debe utilizarse con una m\u00e1quina enderezadora de desenrollado.<\/li>","protected":false},"featured_media":2911,"template":"","meta":[],"product_cat":[15,61],"product_tag":[],"class_list":["post-2950","product","type-product","status-publish","has-post-thumbnail","hentry","product_cat-punching-solutions-for-automobile-parts","product_cat-stamping-solutions-for-mold-industry"],"_links":{"self":[{"href":"https:\/\/www.dgfeeder.com\/es\/wp-json\/wp\/v2\/product\/2950","targetHints":{"allow":["GET"]}}],"collection":[{"href":"https:\/\/www.dgfeeder.com\/es\/wp-json\/wp\/v2\/product"}],"about":[{"href":"https:\/\/www.dgfeeder.com\/es\/wp-json\/wp\/v2\/types\/product"}],"wp:featuredmedia":[{"embeddable":true,"href":"https:\/\/www.dgfeeder.com\/es\/wp-json\/wp\/v2\/media\/2911"}],"wp:attachment":[{"href":"https:\/\/www.dgfeeder.com\/es\/wp-json\/wp\/v2\/media?parent=2950"}],"wp:term":[{"taxonomy":"product_cat","embeddable":true,"href":"https:\/\/www.dgfeeder.com\/es\/wp-json\/wp\/v2\/product_cat?post=2950"},{"taxonomy":"product_tag","embeddable":true,"href":"https:\/\/www.dgfeeder.com\/es\/wp-json\/wp\/v2\/product_tag?post=2950"}],"curies":[{"name":"wp","href":"https:\/\/api.w.org\/{rel}","templated":true}]}}