{"id":2949,"date":"2026-02-05T11:21:46","date_gmt":"2026-02-05T03:21:46","guid":{"rendered":"http:\/\/www.dgfeeder.com\/product\/thick-plate-uncoiler-leveling\/"},"modified":"2026-03-13T09:41:18","modified_gmt":"2026-03-13T01:41:18","slug":"thick-plate-uncoiler-leveling","status":"publish","type":"product","link":"https:\/\/www.dgfeeder.com\/es\/product\/thick-plate-uncoiler-leveling\/","title":{"rendered":"Desenrollador y nivelador de chapa gruesa"},"content":{"rendered":"<p>La eficaz m\u00e1quina dos en uno para desenrollar y nivelar abre un nuevo campo de producci\u00f3n<br \/>En el complejo proceso de producci\u00f3n industrial, la manipulaci\u00f3n de materiales es crucial. Nuestra m\u00e1quina dos en uno para desenrollar y nivelar, como un h\u00e1bil artesano, resuelve con precisi\u00f3n y eficacia los problemas de manipulaci\u00f3n de materiales e inyecta una potente potencia a su proceso de producci\u00f3n.<br \/>Este modelo combina inteligentemente las dos funciones principales de desenrollado y nivelaci\u00f3n. En comparaci\u00f3n con el modelo tres en uno, muestra una flexibilidad de dise\u00f1o sin igual. Somos muy conscientes de que las propiedades de los materiales de los diferentes clientes var\u00edan mucho, y los requisitos de la l\u00ednea de producci\u00f3n tambi\u00e9n son diferentes. Por lo tanto, nos adherimos al concepto de personalizaci\u00f3n y dise\u00f1amos cuidadosamente una variedad de modelos diferentes de acuerdo con las propiedades espec\u00edficas de los materiales y los requisitos de la l\u00ednea de producci\u00f3n de los clientes, esforz\u00e1ndonos por resolver varios problemas dif\u00edciles encontrados en el proceso de producci\u00f3n para los usuarios.<\/p>\n<p>YJML - Modelo H: experto en procesamiento de materiales gruesos<\/p>\n<p>Para materiales con un grosor de 4,0 - 10,0 mm, los equipos tradicionales suelen tener dificultades de manipulaci\u00f3n. Si el material es demasiado grueso y la tensi\u00f3n externa es extremadamente fuerte, la bobina es muy f\u00e1cil de desenrollar, y la nivelaci\u00f3n es a\u00fan m\u00e1s dif\u00edcil. Nuestra m\u00e1quina tipo YJML-H est\u00e1 especialmente dise\u00f1ada para superar estos problemas. Con su excelente dise\u00f1o y potente rendimiento, puede superar f\u00e1cilmente el problema de bobinas sueltas causadas por materiales gruesos y fuerte tensi\u00f3n externa, y lograr una nivelaci\u00f3n eficiente. Cuando se combina perfectamente con servoalimentadores hidr\u00e1ulicos, extractores, punzonadoras finas y prensas hidr\u00e1ulicas, nace una l\u00ednea de producci\u00f3n eficiente y estable. Es particularmente adecuado para escenarios de producci\u00f3n como el punzonado de motores de autom\u00f3viles, sistemas de direcci\u00f3n, etc. que requieren accesorios de materiales m\u00e1s gruesos, proporcionando un s\u00f3lido soporte t\u00e9cnico para la industria de fabricaci\u00f3n de autom\u00f3viles.<\/p>","protected":false},"excerpt":{"rendered":"<li data-v-fd0fd86c=\"\">TIPO YJML-H<\/li>\n<li data-v-fd0fd86c=\"\">Modelo: 300-1300H<\/li>\n<li data-v-fd0fd86c=\"\">Anchura del material: 150-1300 mm<\/li>\n<li data-v-fd0fd86c=\"\">Grosor del material: 0,6-10,0 mm<\/li>\n<li data-v-fd0fd86c=\"\">Velocidad de l\u00ednea M\u00e1x.\u226416M\/MIN<\/li>\n<li data-v-fd0fd86c=\"\">Peso m\u00e1x. de la bobina: 2000-10000kg<\/li>\n<li data-v-fd0fd86c=\"\">PS:Este modelo debe utilizarse con un alimentador<\/li>","protected":false},"featured_media":2908,"template":"","meta":[],"product_cat":[15],"product_tag":[],"class_list":["post-2949","product","type-product","status-publish","has-post-thumbnail","hentry","product_cat-punching-solutions-for-automobile-parts"],"_links":{"self":[{"href":"https:\/\/www.dgfeeder.com\/es\/wp-json\/wp\/v2\/product\/2949","targetHints":{"allow":["GET"]}}],"collection":[{"href":"https:\/\/www.dgfeeder.com\/es\/wp-json\/wp\/v2\/product"}],"about":[{"href":"https:\/\/www.dgfeeder.com\/es\/wp-json\/wp\/v2\/types\/product"}],"wp:featuredmedia":[{"embeddable":true,"href":"https:\/\/www.dgfeeder.com\/es\/wp-json\/wp\/v2\/media\/2908"}],"wp:attachment":[{"href":"https:\/\/www.dgfeeder.com\/es\/wp-json\/wp\/v2\/media?parent=2949"}],"wp:term":[{"taxonomy":"product_cat","embeddable":true,"href":"https:\/\/www.dgfeeder.com\/es\/wp-json\/wp\/v2\/product_cat?post=2949"},{"taxonomy":"product_tag","embeddable":true,"href":"https:\/\/www.dgfeeder.com\/es\/wp-json\/wp\/v2\/product_tag?post=2949"}],"curies":[{"name":"wp","href":"https:\/\/api.w.org\/{rel}","templated":true}]}}