{"id":2950,"date":"2026-02-05T11:21:46","date_gmt":"2026-02-05T03:21:46","guid":{"rendered":"http:\/\/www.dgfeeder.com\/product\/servo-feeder\/"},"modified":"2026-03-13T09:40:43","modified_gmt":"2026-03-13T01:40:43","slug":"servo-feeder","status":"publish","type":"product","link":"https:\/\/www.dgfeeder.com\/de\/product\/servo-feeder\/","title":{"rendered":"Servo-Zuf\u00fchrung"},"content":{"rendered":"<div class=\"auto-hide-last-sibling-br paragraph-qzbcQC paragraph-element br-paragraph-space\">NCRF - Modell H: Experte f\u00fcr die Verarbeitung dicker Materialien<\/div>\n<p>&nbsp;<\/p>\n<div class=\"auto-hide-last-sibling-br paragraph-qzbcQC paragraph-element br-paragraph-space\">Bei Materialien mit einer Dicke von 4,0 bis 10,0 mm sind herk\u00f6mmliche Ger\u00e4te oft \u00fcberfordert. Aufgrund der \u00fcberm\u00e4\u00dfigen Dicke der Materialien sind die gelagerten Materialien im Lagerbereich zu schwer, was zu einem Verrutschen der Zuf\u00fchrung und einer ungenauen Zuf\u00fchrung f\u00fchrt. Unser Modell NCRF - H wurde jedoch speziell zur Bew\u00e4ltigung solcher Herausforderungen entwickelt. Mit seinem ausgezeichneten Design und seiner starken Leistung kann er das Problem des Abrollens von Coils, das durch dicke Materialien und starke \u00e4u\u00dfere Spannungen verursacht wird, leicht \u00fcberwinden und eine effiziente Nivellierung erreichen. In Kombination mit einem hydraulischen Servovorschub, einer Ziehmaschine, einer Feinschneidpresse und einer hydraulischen Presse entsteht eine hocheffiziente und stabile Produktionslinie. Sie eignet sich besonders f\u00fcr Produktionsszenarien wie das Stanzen von Teilen f\u00fcr Automotoren und Lenksysteme, die Komponenten aus dickem Material erfordern, und bietet eine solide technische Unterst\u00fctzung f\u00fcr die Automobilherstellerindustrie.<\/div>\n<p>&nbsp;<\/p>\n<div class=\"auto-hide-last-sibling-br paragraph-qzbcQC paragraph-element br-paragraph-space\">Hydraulischer Servo-Vorschub NCRF - Modell H: Der Terminator f\u00fcr Probleme bei der Zuf\u00fchrung von dickem Material<\/div>\n<p>&nbsp;<\/p>\n<div class=\"auto-hide-last-sibling-br paragraph-qzbcQC paragraph-element br-paragraph-space\">In der industriellen Produktion wirken sich die Genauigkeit und die Effizienz der Materialverarbeitungsanlage direkt auf den reibungslosen Ablauf des gesamten Produktionsprozesses und auf die Produktqualit\u00e4t aus. Bei der Verarbeitung von Materialien mit einer Dicke von 3,0 bis 10,0 mm sind herk\u00f6mmliche Zuf\u00fchrungsger\u00e4te oft mit vielen Problemen konfrontiert, wobei das Problem des Schlupfes und der ungenauen Zuf\u00fchrung aufgrund des \u00fcberm\u00e4\u00dfigen Gewichts der gelagerten Materialien im Lagerbereich besonders auff\u00e4llt. Mit unserem hydraulischen Servo-Vorschubger\u00e4t NCRF - H k\u00f6nnen diese Probleme nun leicht gel\u00f6st werden.<\/div>\n<p>&nbsp;<\/p>\n<div class=\"auto-hide-last-sibling-br paragraph-qzbcQC paragraph-element br-paragraph-space\">Pr\u00e4zise F\u00fctterung, die Herausforderungen der Industrie meistern<\/div>\n<p>&nbsp;<\/p>\n<div class=\"auto-hide-last-sibling-br paragraph-qzbcQC paragraph-element br-paragraph-space\">Die \u00fcberm\u00e4\u00dfige Dicke der Materialien stellt nicht nur eine Herausforderung in Bezug auf das Gewicht dar, sondern stellt auch extrem hohe Anforderungen an die Reibung, die Leistungsabgabe und das Steuersystem der Zuf\u00fchrger\u00e4te. Wenn herk\u00f6mmliche Ger\u00e4te mit derart dicken Materialien umgehen, kommt es h\u00e4ufig zu einem Schlupf bei der Zuf\u00fchrung, wodurch die Zuf\u00fchrungsgenauigkeit erheblich beeintr\u00e4chtigt wird. Dies beeintr\u00e4chtigt nicht nur die Produktionseffizienz, sondern kann auch dazu f\u00fchren, dass eine gro\u00dfe Anzahl fehlerhafter Produkte produziert wird, was die Produktionskosten erh\u00f6ht. Das Modell NCRF-H wurde speziell entwickelt, um diese Herausforderung zu meistern. Es verf\u00fcgt \u00fcber eine fortschrittliche hydraulische Antriebstechnik und ein hochpr\u00e4zises Servosteuerungssystem, mit dem die Vorschubkraft pr\u00e4zise eingestellt werden kann. Selbst bei schwerem, dickem Material kann er stabil und genau zuf\u00fchren, wodurch das Problem des Zuf\u00fchrungsschlupfes vermieden, die Zuf\u00fchrungsgenauigkeit erheblich verbessert und die Kontinuit\u00e4t und Stabilit\u00e4t des Zuf\u00fchrungsprozesses gew\u00e4hrleistet wird.<\/div>\n<p>&nbsp;<\/p>\n<div class=\"auto-hide-last-sibling-br paragraph-qzbcQC paragraph-element br-paragraph-space\">Vielf\u00e4ltige Anwendungen, die die Entwicklung mehrerer Branchen f\u00f6rdern<\/div>\n<p>&nbsp;<\/p>\n<div class=\"auto-hide-last-sibling-br paragraph-qzbcQC paragraph-element br-paragraph-space\">Der hydraulische Servo-Vorschub NCRF - H hat dank seiner hervorragenden Leistung ein breites Anwendungsspektrum in verschiedenen Branchen. Er eignet sich besonders f\u00fcr Produktionsszenarien wie Stanzteile f\u00fcr Automotoren und Lenksysteme, die Komponenten aus dickem Material erfordern, und bietet eine solide technische Unterst\u00fctzung f\u00fcr die Automobilhersteller.<\/div>","protected":false},"excerpt":{"rendered":"<li data-v-fd0fd86c=\"\">NCRF-H TYP<\/li>\n<li data-v-fd0fd86c=\"\">Modell: 300-1300H<\/li>\n<li data-v-fd0fd86c=\"\">Materialbreite:50-1300mm<\/li>\n<li data-v-fd0fd86c=\"\">Materialst\u00e4rke: 0,6-10,0 mm<\/li>\n<li data-v-fd0fd86c=\"\">Anschl\u00e4ge pro Minute:20-30SPM<\/li>\n<li data-v-fd0fd86c=\"\">Vorschubl\u00e4nge:0,01-9999mm<\/li>\n<li data-v-fd0fd86c=\"\">PS: Dieses Modell muss mit einer Abwicklungsrichtmaschine verwendet werden.<\/li>","protected":false},"featured_media":2911,"template":"","meta":[],"product_cat":[15,61],"product_tag":[],"class_list":["post-2950","product","type-product","status-publish","has-post-thumbnail","hentry","product_cat-punching-solutions-for-automobile-parts","product_cat-stamping-solutions-for-mold-industry"],"_links":{"self":[{"href":"https:\/\/www.dgfeeder.com\/de\/wp-json\/wp\/v2\/product\/2950","targetHints":{"allow":["GET"]}}],"collection":[{"href":"https:\/\/www.dgfeeder.com\/de\/wp-json\/wp\/v2\/product"}],"about":[{"href":"https:\/\/www.dgfeeder.com\/de\/wp-json\/wp\/v2\/types\/product"}],"wp:featuredmedia":[{"embeddable":true,"href":"https:\/\/www.dgfeeder.com\/de\/wp-json\/wp\/v2\/media\/2911"}],"wp:attachment":[{"href":"https:\/\/www.dgfeeder.com\/de\/wp-json\/wp\/v2\/media?parent=2950"}],"wp:term":[{"taxonomy":"product_cat","embeddable":true,"href":"https:\/\/www.dgfeeder.com\/de\/wp-json\/wp\/v2\/product_cat?post=2950"},{"taxonomy":"product_tag","embeddable":true,"href":"https:\/\/www.dgfeeder.com\/de\/wp-json\/wp\/v2\/product_tag?post=2950"}],"curies":[{"name":"wp","href":"https:\/\/api.w.org\/{rel}","templated":true}]}}