{"id":2949,"date":"2026-02-05T11:21:46","date_gmt":"2026-02-05T03:21:46","guid":{"rendered":"http:\/\/www.dgfeeder.com\/product\/thick-plate-uncoiler-leveling\/"},"modified":"2026-03-13T09:41:18","modified_gmt":"2026-03-13T01:41:18","slug":"thick-plate-uncoiler-leveling","status":"publish","type":"product","link":"https:\/\/www.dgfeeder.com\/de\/product\/thick-plate-uncoiler-leveling\/","title":{"rendered":"Thick Plate Uncoiler &#038; Leveling"},"content":{"rendered":"<p>Effiziente Abwickel- und Richtmaschine in einem Ger\u00e4t er\u00f6ffnet neue Produktionsm\u00f6glichkeiten<br \/>In dem komplexen Prozess der industriellen Produktion ist die Materialhandhabung entscheidend. Unsere Zwei-in-Eins-Maschine zum Abwickeln und Nivellieren l\u00f6st wie ein geschickter Handwerker pr\u00e4zise und effizient die Probleme der Materialhandhabung und bringt kraftvolle Leistung in Ihren Produktionsprozess.<br \/>Dieses Modell kombiniert auf geschickte Weise die beiden Kernfunktionen Abrollen und Richten. Verglichen mit dem Drei-in-Eins-Modell bietet es eine unvergleichliche Flexibilit\u00e4t in der Konstruktion. Wir sind uns bewusst, dass die Materialeigenschaften der verschiedenen Kunden sehr unterschiedlich sind und dass auch die Anforderungen an die Produktionslinie unterschiedlich sind. Daher halten wir uns an das Konzept der Kundenanpassung und entwerfen sorgf\u00e4ltig eine Vielzahl verschiedener Modelle entsprechend den spezifischen Materialeigenschaften und Produktionslinienanforderungen der Kunden und bem\u00fchen uns, verschiedene schwierige Probleme zu l\u00f6sen, die im Produktionsprozess der Benutzer auftreten.<\/p>\n<p>YJML - H-Modell: Experte f\u00fcr die Verarbeitung dicker Materialien<\/p>\n<p>Bei Materialien mit einer Dicke von 4,0 - 10,0 mm haben herk\u00f6mmliche Ger\u00e4te oft Schwierigkeiten bei der Handhabung. Wenn das Material zu dick ist und die \u00e4u\u00dfere Spannung extrem stark ist, l\u00e4sst sich das Coil sehr leicht abwickeln, und das Richten ist noch schwieriger. Unsere Maschine des Typs YJML-H wurde speziell entwickelt, um solche Probleme zu l\u00f6sen. Mit ihrem ausgezeichneten Design und ihrer starken Leistung kann sie das Problem loser Coils, das durch dicke Materialien und starke \u00e4u\u00dfere Spannung verursacht wird, leicht \u00fcberwinden und ein effizientes Richten erreichen. In Kombination mit hydraulischen Servozuf\u00fchrungen, Abziehern, Feinstanzmaschinen und hydraulischen Pressen entsteht eine effiziente und stabile Produktionslinie. Sie eignet sich besonders f\u00fcr Produktionsszenarien wie das Stanzen von Automotoren, Lenksystemen usw., die Zubeh\u00f6r aus dickeren Materialien erfordern, und bietet eine solide technische Unterst\u00fctzung f\u00fcr die Automobilhersteller.<\/p>","protected":false},"excerpt":{"rendered":"<li data-v-fd0fd86c=\"\">YJML-H TYP<\/li>\n<li data-v-fd0fd86c=\"\">Modell: 300-1300H<\/li>\n<li data-v-fd0fd86c=\"\">Materialbreite:150-1300mm<\/li>\n<li data-v-fd0fd86c=\"\">Materialst\u00e4rke: 0,6-10,0 mm<\/li>\n<li data-v-fd0fd86c=\"\">Leitungsgeschwindigkeit Max.\u226416M\/MIN<\/li>\n<li data-v-fd0fd86c=\"\">Max. Spulengewicht:2000-10000kg<\/li>\n<li data-v-fd0fd86c=\"\">PS: Dieses Modell muss mit einem Zubringer verwendet werden<\/li>","protected":false},"featured_media":2908,"template":"","meta":[],"product_cat":[15],"product_tag":[],"class_list":["post-2949","product","type-product","status-publish","has-post-thumbnail","hentry","product_cat-punching-solutions-for-automobile-parts"],"_links":{"self":[{"href":"https:\/\/www.dgfeeder.com\/de\/wp-json\/wp\/v2\/product\/2949","targetHints":{"allow":["GET"]}}],"collection":[{"href":"https:\/\/www.dgfeeder.com\/de\/wp-json\/wp\/v2\/product"}],"about":[{"href":"https:\/\/www.dgfeeder.com\/de\/wp-json\/wp\/v2\/types\/product"}],"wp:featuredmedia":[{"embeddable":true,"href":"https:\/\/www.dgfeeder.com\/de\/wp-json\/wp\/v2\/media\/2908"}],"wp:attachment":[{"href":"https:\/\/www.dgfeeder.com\/de\/wp-json\/wp\/v2\/media?parent=2949"}],"wp:term":[{"taxonomy":"product_cat","embeddable":true,"href":"https:\/\/www.dgfeeder.com\/de\/wp-json\/wp\/v2\/product_cat?post=2949"},{"taxonomy":"product_tag","embeddable":true,"href":"https:\/\/www.dgfeeder.com\/de\/wp-json\/wp\/v2\/product_tag?post=2949"}],"curies":[{"name":"wp","href":"https:\/\/api.w.org\/{rel}","templated":true}]}}